{"id":806,"date":"2013-10-04T09:36:54","date_gmt":"2013-10-04T09:36:54","guid":{"rendered":"https:\/\/www.hotelgoldenrome.com\/?page_id=806"},"modified":"2016-08-10T10:07:56","modified_gmt":"2016-08-10T10:07:56","slug":"recensioner","status":"publish","type":"page","link":"https:\/\/www.hotelgoldenrome.com\/sv\/recensioner\/","title":{"rendered":"Recensioner"},"content":{"rendered":"<div id=\"colonna-sx\"><br \/>\n<img loading=\"lazy\" decoding=\"async\" alt=\"Marco\" src=\"https:\/\/www.hotelgoldenrome.com\/wp-content\/uploads\/2013\/08\/marco.jpg\" width=\"206\" height=\"206\" \/><\/p>\n<p class=\"nome\">Fr\u00e5ga<br \/> <span>Marco<\/span><\/p>\n<p> V\u00e5ra b\u00e4sta visitkort \u00e8 det de skriver om oss! L\u00e4s v\u00e5ra g\u00e4sters recensioner, vilka ibland \u00e4ven \u00f6verraskar oss! \u00c8 r\u00e4tt incitament att erbjuda \u00e4nnu mer\u00f9.<\/p>\n<div class=\"box_ta\">\n<p>Till v\u00e5ra g\u00e4ster<\/p>\n<p><em>K\u00e4ra g\u00e4ster,<br \/>\nett uppriktigt tack fr\u00e5n hj\u00e4rtat till er alla f\u00f6r era uppskattade omd\u00f6meskommentarer, vilka i \u00e5r gjort att v\u00e5rt hotell har tilldelats <b>Tripadvisors pris Travellers Choice 2012<\/b>.<\/p>\n<p>Med stor tacksamhet,<br \/>\npap\u00e0 Mario, mamma Teresa e i figli, Giuseppe, Marco &amp; Maria Teresa<\/em><\/p>\n<p><a class=\"thickbox\" href=\"https:\/\/www.hotelgoldenrome.com\/wp-content\/uploads\/2013\/08\/lettera.jpg\"><img decoding=\"async\" src=\"https:\/\/www.hotelgoldenrome.com\/wp-content\/uploads\/2013\/08\/tc2012.jpg\" alt=\"tripadvisor\" \/><\/a>\n<\/div>\n<p><br clear=\"all\" \/><\/p>\n<div id=\"TA_certificateOfExcellence33\" class=\"TA_certificateOfExcellence\">\n<ul id=\"lZMnGE\" class=\"TA_links bD2ErwLqc7\">\n<li id=\"13tMCy0A1Zjg\" class=\"hbJGqBU\">\n<a target=\"_blank\" href=\"https:\/\/www.tripadvisor.se\/Hotel_Review-g187791-d557956-Reviews-Hotel_Golden-Rome_Lazio.html\"><img decoding=\"async\" src=\"https:\/\/www.tripadvisor.se\/img\/cdsi\/img2\/awards\/CoE2016_WidgetAsset-14348-2.png\" alt=\"TripAdvisor\" class=\"widCOEImg\" id=\"CDSWIDCOELOGO\"\/><\/a>\n<\/li>\n<\/ul>\n<\/div>\n<p><script src=\"https:\/\/www.jscache.com\/wejs?wtype=certificateOfExcellence&amp;uniq=33&amp;locationId=557956&amp;lang=sv&amp;year=2016&amp;display_version=2\"><\/script><\/p>\n<p><\/div>\n<div id=\"colonna-dx\"><\/p>\n<h1>Recensioner<\/h1>\n<p>L\u00e4s <strong>recensionerna som v\u00e5ra g\u00e4ster har<\/strong> publicerat p\u00e5 de viktigaste recensionsportalerna p\u00e5 n\u00e4tet! Vi vill p\u00e5minna dig om att endast <strong>genom att direktboka p\u00e5 v\u00e5r officiella webbplats blir du en privilegierad resen\u00e4r<\/strong>: du blir personligen v\u00e4gledd av v\u00e5r personal fr\u00e5n b\u00f6rjan till slut och kommer att kunna \u00e5tnjuta specialpriser samt erbjudanden som vi reserverar bara f\u00f6r dig!<br \/>\nDessutom, om du bokar via v\u00e5r officiella webbplats, <strong>kommer vi att be dig skriva en &#8221;officiell recension&#8221; som garanteras eftersom den \u00e4r ansluten till en faktisk bokning<\/strong>. P\u00e5 s\u00e5 s\u00e4tt kommer du att bidra till att f\u00f6rb\u00e4ttra kvaliteten p\u00e5 servicen som vi erbjuder dig och alla andra resen\u00e4rer!<\/p>\n<p><link rel=\"stylesheet\" href=\"https:\/\/include.nozio.com\/dynamic\/css\/nozioreviewscss.css\" type=\"text\/css\" media=\"all\" \/>\n<div id=\"nozioreviewswidget\"><a href=\"https:\/\/www.nozio.com\/europe\/italy\/lazio\/rome\/rome\/lodging\/hotels\/2_two_stars_hotels\/hotel_golden.htm\">Hotel Golden<\/a><\/div>\n<script type=\"text\/javascript\" src=\"https:\/\/include.nozio.com\/dynamic\/js\/jquery_tooltip.js\"><\/script>\n<script type=\"text\/javascript\" src=\"https:\/\/include.nozio.com\/dynamic\/js\/nozio_reviews.php?idsk=58492&amp;lang=en&amp;widgetwidth=603\"><\/script><\/div><br \/>\n<br clear=\"all\" \/><\/p>\n<div id=\"TA_selfserveprop524\" class=\"TA_selfserveprop\">\n<ul id=\"kDGDEUr4B1Cx\" class=\"TA_links WNwSM3h7gO\">\n<li id=\"VTI616SBQQte\" class=\"1tD2rvnf04wC\"><a target=\"_blank\" href=\"http:\/\/www.tripadvisor.it\/Hotel_Review-g187791-d557956-Reviews-Hotel_Golden-Rome_Lazio.html\">Hotel Golden<\/a> a Roma: 1103 recensioni<\/li>\n<\/ul>\n<\/div>\n<p><script src=\"http:\/\/www.jscache.com\/wejs?wtype=selfserveprop&amp;uniq=524&amp;locationId=557956&amp;lang=it&amp;rating=true&amp;nreviews=4&amp;writereviewlink=false&amp;popIdx=true&amp;iswide=true&amp;border=true\"><\/script><\/p>\n<p><br clear=\"all\" \/><br \/>\n<\/div>\n","protected":false},"excerpt":{"rendered":"<p class=\"nome\">Fr\u00e5ga<br \/> <span>Marco<\/span><\/p>\n<p><img loading=\"lazy\" decoding=\"async\" src=\"https:\/\/www.hotelgoldenrome.com\/wp-content\/uploads\/2013\/08\/tripadvisor-reviews.gif\" alt=\"tripadvisor-reviews\" width=\"113\" height=\"80\" class=\"aligncenter size-full wp-image-76 trip\" \/><\/p>\n<p> V\u00e5ra b\u00e4sta visitkort \u00e8 det de skriver om oss! <\/p>\n","protected":false},"author":17,"featured_media":2153,"parent":0,"menu_order":0,"comment_status":"open","ping_status":"open","template":"page-duecolonne.php","meta":{"ngg_post_thumbnail":0,"footnotes":""},"class_list":["post-806","page","type-page","status-publish","has-post-thumbnail","hentry"],"yoast_head":"<!-- This site is optimized with the Yoast SEO plugin v25.7 - https:\/\/yoast.com\/wordpress\/plugins\/seo\/ -->\n<title>Recensioner | Hotel Golden<\/title>\n<meta name=\"description\" content=\"Recensioner, Hotel Golden: Familje\u00e4gt hotell bel\u00e4get direkt vid Villa Borghese i Rom.\" \/>\n<meta name=\"robots\" content=\"index, follow, max-snippet:-1, max-image-preview:large, max-video-preview:-1\" \/>\n<link rel=\"canonical\" href=\"https:\/\/www.hotelgoldenrome.com\/sv\/recensioner\/\" \/>\n<meta property=\"og:locale\" content=\"sv_SE\" \/>\n<meta property=\"og:type\" content=\"article\" \/>\n<meta property=\"og:title\" content=\"Recensioner | Hotel Golden\" \/>\n<meta property=\"og:description\" content=\"Recensioner, Hotel Golden: Familje\u00e4gt hotell bel\u00e4get direkt vid Villa Borghese i Rom.\" \/>\n<meta property=\"og:url\" content=\"https:\/\/www.hotelgoldenrome.com\/sv\/recensioner\/\" \/>\n<meta property=\"og:site_name\" content=\"Hotel Golden\" \/>\n<meta property=\"article:modified_time\" content=\"2016-08-10T10:07:56+00:00\" \/>\n<meta property=\"og:image\" content=\"https:\/\/www.hotelgoldenrome.com\/wp-content\/uploads\/2013\/08\/marco.jpg\" \/>\n\t<meta property=\"og:image:width\" content=\"206\" \/>\n\t<meta property=\"og:image:height\" content=\"206\" \/>\n\t<meta property=\"og:image:type\" content=\"image\/jpeg\" \/>\n<meta name=\"twitter:label1\" content=\"Ber\u00e4knad l\u00e4stid\" \/>\n\t<meta name=\"twitter:data1\" content=\"1 minut\" \/>\n<script type=\"application\/ld+json\" class=\"yoast-schema-graph\">{\"@context\":\"https:\/\/schema.org\",\"@graph\":[{\"@type\":\"WebPage\",\"@id\":\"https:\/\/www.hotelgoldenrome.com\/sv\/recensioner\/\",\"url\":\"https:\/\/www.hotelgoldenrome.com\/sv\/recensioner\/\",\"name\":\"Recensioner | Hotel Golden\",\"isPartOf\":{\"@id\":\"https:\/\/www.hotelgoldenrome.com\/sv\/#website\"},\"primaryImageOfPage\":{\"@id\":\"https:\/\/www.hotelgoldenrome.com\/sv\/recensioner\/#primaryimage\"},\"image\":{\"@id\":\"https:\/\/www.hotelgoldenrome.com\/sv\/recensioner\/#primaryimage\"},\"thumbnailUrl\":\"https:\/\/www.hotelgoldenrome.com\/wp-content\/uploads\/2013\/08\/marco.jpg\",\"datePublished\":\"2013-10-04T09:36:54+00:00\",\"dateModified\":\"2016-08-10T10:07:56+00:00\",\"description\":\"Recensioner, Hotel Golden: Familje\u00e4gt hotell bel\u00e4get direkt vid Villa Borghese i Rom.\",\"breadcrumb\":{\"@id\":\"https:\/\/www.hotelgoldenrome.com\/sv\/recensioner\/#breadcrumb\"},\"inLanguage\":\"sv-SE\",\"potentialAction\":[{\"@type\":\"ReadAction\",\"target\":[\"https:\/\/www.hotelgoldenrome.com\/sv\/recensioner\/\"]}]},{\"@type\":\"ImageObject\",\"inLanguage\":\"sv-SE\",\"@id\":\"https:\/\/www.hotelgoldenrome.com\/sv\/recensioner\/#primaryimage\",\"url\":\"https:\/\/www.hotelgoldenrome.com\/wp-content\/uploads\/2013\/08\/marco.jpg\",\"contentUrl\":\"https:\/\/www.hotelgoldenrome.com\/wp-content\/uploads\/2013\/08\/marco.jpg\",\"width\":206,\"height\":206},{\"@type\":\"BreadcrumbList\",\"@id\":\"https:\/\/www.hotelgoldenrome.com\/sv\/recensioner\/#breadcrumb\",\"itemListElement\":[{\"@type\":\"ListItem\",\"position\":1,\"name\":\"Home\",\"item\":\"https:\/\/www.hotelgoldenrome.com\/sv\/\"},{\"@type\":\"ListItem\",\"position\":2,\"name\":\"Recensioner\"}]},{\"@type\":\"WebSite\",\"@id\":\"https:\/\/www.hotelgoldenrome.com\/sv\/#website\",\"url\":\"https:\/\/www.hotelgoldenrome.com\/sv\/\",\"name\":\"Hotel Golden\",\"description\":\"..your Family run hotel in Rome\",\"potentialAction\":[{\"@type\":\"SearchAction\",\"target\":{\"@type\":\"EntryPoint\",\"urlTemplate\":\"https:\/\/www.hotelgoldenrome.com\/sv\/?s={search_term_string}\"},\"query-input\":{\"@type\":\"PropertyValueSpecification\",\"valueRequired\":true,\"valueName\":\"search_term_string\"}}],\"inLanguage\":\"sv-SE\"}]}<\/script>\n<!-- \/ Yoast SEO plugin. -->","yoast_head_json":{"title":"Recensioner | Hotel Golden","description":"Recensioner, Hotel Golden: Familje\u00e4gt hotell bel\u00e4get direkt vid Villa Borghese i Rom.","robots":{"index":"index","follow":"follow","max-snippet":"max-snippet:-1","max-image-preview":"max-image-preview:large","max-video-preview":"max-video-preview:-1"},"canonical":"https:\/\/www.hotelgoldenrome.com\/sv\/recensioner\/","og_locale":"sv_SE","og_type":"article","og_title":"Recensioner | Hotel Golden","og_description":"Recensioner, Hotel Golden: Familje\u00e4gt hotell bel\u00e4get direkt vid Villa Borghese i Rom.","og_url":"https:\/\/www.hotelgoldenrome.com\/sv\/recensioner\/","og_site_name":"Hotel Golden","article_modified_time":"2016-08-10T10:07:56+00:00","og_image":[{"width":206,"height":206,"url":"https:\/\/www.hotelgoldenrome.com\/wp-content\/uploads\/2013\/08\/marco.jpg","type":"image\/jpeg"}],"twitter_misc":{"Ber\u00e4knad l\u00e4stid":"1 minut"},"schema":{"@context":"https:\/\/schema.org","@graph":[{"@type":"WebPage","@id":"https:\/\/www.hotelgoldenrome.com\/sv\/recensioner\/","url":"https:\/\/www.hotelgoldenrome.com\/sv\/recensioner\/","name":"Recensioner | Hotel Golden","isPartOf":{"@id":"https:\/\/www.hotelgoldenrome.com\/sv\/#website"},"primaryImageOfPage":{"@id":"https:\/\/www.hotelgoldenrome.com\/sv\/recensioner\/#primaryimage"},"image":{"@id":"https:\/\/www.hotelgoldenrome.com\/sv\/recensioner\/#primaryimage"},"thumbnailUrl":"https:\/\/www.hotelgoldenrome.com\/wp-content\/uploads\/2013\/08\/marco.jpg","datePublished":"2013-10-04T09:36:54+00:00","dateModified":"2016-08-10T10:07:56+00:00","description":"Recensioner, Hotel Golden: Familje\u00e4gt hotell bel\u00e4get direkt vid Villa Borghese i Rom.","breadcrumb":{"@id":"https:\/\/www.hotelgoldenrome.com\/sv\/recensioner\/#breadcrumb"},"inLanguage":"sv-SE","potentialAction":[{"@type":"ReadAction","target":["https:\/\/www.hotelgoldenrome.com\/sv\/recensioner\/"]}]},{"@type":"ImageObject","inLanguage":"sv-SE","@id":"https:\/\/www.hotelgoldenrome.com\/sv\/recensioner\/#primaryimage","url":"https:\/\/www.hotelgoldenrome.com\/wp-content\/uploads\/2013\/08\/marco.jpg","contentUrl":"https:\/\/www.hotelgoldenrome.com\/wp-content\/uploads\/2013\/08\/marco.jpg","width":206,"height":206},{"@type":"BreadcrumbList","@id":"https:\/\/www.hotelgoldenrome.com\/sv\/recensioner\/#breadcrumb","itemListElement":[{"@type":"ListItem","position":1,"name":"Home","item":"https:\/\/www.hotelgoldenrome.com\/sv\/"},{"@type":"ListItem","position":2,"name":"Recensioner"}]},{"@type":"WebSite","@id":"https:\/\/www.hotelgoldenrome.com\/sv\/#website","url":"https:\/\/www.hotelgoldenrome.com\/sv\/","name":"Hotel Golden","description":"..your Family run hotel in Rome","potentialAction":[{"@type":"SearchAction","target":{"@type":"EntryPoint","urlTemplate":"https:\/\/www.hotelgoldenrome.com\/sv\/?s={search_term_string}"},"query-input":{"@type":"PropertyValueSpecification","valueRequired":true,"valueName":"search_term_string"}}],"inLanguage":"sv-SE"}]}},"_links":{"self":[{"href":"https:\/\/www.hotelgoldenrome.com\/sv\/wp-json\/wp\/v2\/pages\/806","targetHints":{"allow":["GET"]}}],"collection":[{"href":"https:\/\/www.hotelgoldenrome.com\/sv\/wp-json\/wp\/v2\/pages"}],"about":[{"href":"https:\/\/www.hotelgoldenrome.com\/sv\/wp-json\/wp\/v2\/types\/page"}],"author":[{"embeddable":true,"href":"https:\/\/www.hotelgoldenrome.com\/sv\/wp-json\/wp\/v2\/users\/17"}],"replies":[{"embeddable":true,"href":"https:\/\/www.hotelgoldenrome.com\/sv\/wp-json\/wp\/v2\/comments?post=806"}],"version-history":[{"count":8,"href":"https:\/\/www.hotelgoldenrome.com\/sv\/wp-json\/wp\/v2\/pages\/806\/revisions"}],"predecessor-version":[{"id":2154,"href":"https:\/\/www.hotelgoldenrome.com\/sv\/wp-json\/wp\/v2\/pages\/806\/revisions\/2154"}],"wp:featuredmedia":[{"embeddable":true,"href":"https:\/\/www.hotelgoldenrome.com\/sv\/wp-json\/wp\/v2\/media\/2153"}],"wp:attachment":[{"href":"https:\/\/www.hotelgoldenrome.com\/sv\/wp-json\/wp\/v2\/media?parent=806"}],"curies":[{"name":"wp","href":"https:\/\/api.w.org\/{rel}","templated":true}]}}