{"id":867,"date":"2013-10-04T12:43:35","date_gmt":"2013-10-04T12:43:35","guid":{"rendered":"https:\/\/www.hotelgoldenrome.com\/?page_id=867"},"modified":"2014-08-13T07:51:09","modified_gmt":"2014-08-13T07:51:09","slug":"home-sv","status":"publish","type":"page","link":"https:\/\/www.hotelgoldenrome.com\/sv\/","title":{"rendered":"Home"},"content":{"rendered":"<div style=\"display:block\"><div class=\"colonna\"><img loading=\"lazy\" decoding=\"async\" width=\"206\" height=\"206\" src=\"https:\/\/www.hotelgoldenrome.com\/wp-content\/uploads\/2013\/08\/maria-teresa.jpg\" class=\"attachment-post-thumbnail size-post-thumbnail wp-post-image\" alt=\"\" srcset=\"https:\/\/www.hotelgoldenrome.com\/wp-content\/uploads\/2013\/08\/maria-teresa.jpg 206w, https:\/\/www.hotelgoldenrome.com\/wp-content\/uploads\/2013\/08\/maria-teresa-150x150.jpg 150w\" sizes=\"auto, (max-width: 206px) 100vw, 206px\" \/>\n<div><p class=\"nome\">Fr\u00e5ga<br \/> <span>Maria Teresa<\/span><\/p>\r\n<p>N\u00e4r jag kommer in i ett av v\u00e5ra rum andas jag\u2019atmosf\u00e4ren i ett riktigt hus, mysigt och inrett med omsorg. Och om du reser med dina barn, pr\u00f6va v\u00e5r familjesvit!<\/p> <p><a href=\"https:\/\/www.hotelgoldenrome.com\/sv\/rum\/\">G\u00e5 till sidan \u00bb<\/a><\/p><\/div>\n<\/div><div class=\"colonna\"><img loading=\"lazy\" decoding=\"async\" width=\"206\" height=\"206\" src=\"https:\/\/www.hotelgoldenrome.com\/wp-content\/uploads\/2013\/08\/giuseppe.jpg\" class=\"attachment-post-thumbnail size-post-thumbnail wp-post-image\" alt=\"\" srcset=\"https:\/\/www.hotelgoldenrome.com\/wp-content\/uploads\/2013\/08\/giuseppe.jpg 206w, https:\/\/www.hotelgoldenrome.com\/wp-content\/uploads\/2013\/08\/giuseppe-150x150.jpg 150w\" sizes=\"auto, (max-width: 206px) 100vw, 206px\" \/>\n<div><p class=\"nome\">Fr\u00e5ga<br \/><span>Giuseppe<\/span><\/p>\r\n<p>Att bo p\u00e5 v\u00e5rt hotell inneb\u00e4r att har du Rom till hands. Vi \u00e4r n\u00e4ra via Veneto och till tunnelbanestationen, men du kan ta dig runt till fots!<\/p> <p><a href=\"https:\/\/www.hotelgoldenrome.com\/sv\/lage-sv\/\">G\u00e5 till sidan \u00bb<\/a><\/p><\/div>\n<\/div><div class=\"colonna\"><img loading=\"lazy\" decoding=\"async\" width=\"206\" height=\"206\" src=\"https:\/\/www.hotelgoldenrome.com\/wp-content\/uploads\/2013\/08\/marco.jpg\" class=\"attachment-post-thumbnail size-post-thumbnail wp-post-image\" alt=\"\" srcset=\"https:\/\/www.hotelgoldenrome.com\/wp-content\/uploads\/2013\/08\/marco.jpg 206w, https:\/\/www.hotelgoldenrome.com\/wp-content\/uploads\/2013\/08\/marco-150x150.jpg 150w\" sizes=\"auto, (max-width: 206px) 100vw, 206px\" \/>\n<div><p class=\"nome\">Fr\u00e5ga<br \/> <span>Marco<\/span><\/p><img loading=\"lazy\" decoding=\"async\" src=\"https:\/\/www.hotelgoldenrome.com\/wp-content\/uploads\/2013\/08\/tripadvisor-reviews.gif\" alt=\"tripadvisor-reviews\" width=\"113\" height=\"80\" class=\"aligncenter size-full wp-image-76 trip\" \/><p> V\u00e5ra b\u00e4sta visitkort \u00e8 det de skriver om oss! <\/p> <p><a href=\"https:\/\/www.hotelgoldenrome.com\/sv\/recensioner\/\">G\u00e5 till sidan \u00bb<\/a><\/p><\/div>\n<\/div><\/div>\n<p><br clear=\"all\" \/><\/p>\n<div id=\"bianco\">\n<h1>Familjedrivet hotell n\u00e4ra Spanska trappan<\/h1\n\n\n\n<p>Den\u2019Golden Hotel v\u00e4lkomnar dig i familjen!<br \/>\n<strong>Familje\u00e4gda hotell n\u00e4ra Spanska trappan<\/strong>,<strong>\u2019Hotel Golden Rom <\/strong>\u00e8 inb\u00e4ddad i en\u2019trevlig och v\u00e4lkomnande atmosf\u00e4r, likt ett riktigt hem. Familjen\u00a0Loria som driver hotellet med passion sedan mer \u00e4n\u00f9 tjugo\u2019\u00e5r, v\u00e4ntar p\u00e5 dig med st\u00f6rsta hj\u00e4rtlighet\u00e0 f\u00f6r att erbjuda dig\u00a0en of\u00f6rgl\u00f6mlig semester i hj\u00e4rtat av den eviga\u00a0staden\u00e0\u00a0. <\/p>\n<p><strong>Den\u2019Hotel Golden har ett\u2019fantastiskt l\u00e4ge<\/strong>, ett stenkast\u00a0fr\u00e5n parken<strong> Villa Borghese <\/strong>och dess museum det fantastiska Galleria Borghese, bekv\u00e4mt f\u00f6r att bes\u00f6ka de mest\u00f9 signifikanta delarna\u00a0av centrala\u00e0 <strong>Rom<\/strong>, till exempel Via Veneto, <strong>Fontana di Trevi<\/strong> och Piazza del Popolo. <\/p>\n<p><strong>Bland de familjedrivna\u00a0hotellen i Rom<\/strong>, det\u2019k\u00e4nnetecknas\u00a0Golden Hotel av \u00f6verl\u00e4gsen komfort och service.<\/p>\n<\/div>\n<div id=\"garanzia\">\n<h1>Boka online och betala p\u00e5 hotellet<\/h1>\n<p>Det \u00e4r l\u00e4tt, prisv\u00e4rt och s\u00e4kert att boka direkt p\u00e5 den officiella webbplatsen: uppgifterna fr\u00e5n ditt kreditkort beh\u00f6vs endast f\u00f6r att garantera bokningen. Du betalar direkt p\u00e5 hotellet vid utcheckningen. <strong>B\u00e4sta pris-garanti!<\/strong><\/p>\n<\/div>\n","protected":false},"excerpt":{"rendered":"<p>Familjedrivet hotell n\u00e4ra Spanska trappan<\/p>\n","protected":false},"author":17,"featured_media":0,"parent":0,"menu_order":0,"comment_status":"open","ping_status":"open","template":"index.php","meta":{"ngg_post_thumbnail":0,"footnotes":""},"class_list":["post-867","page","type-page","status-publish","hentry"],"yoast_head":"<!-- This site is optimized with the Yoast SEO plugin v25.7 - https:\/\/yoast.com\/wordpress\/plugins\/seo\/ -->\n<title>Hotelli l\u00e4hell\u00e4 Espanjalaiset portaat | Hotel Golden Viralliset Sivut<\/title>\n<meta name=\"description\" content=\"Perheen pit\u00e4m\u00e4 hotelli Rooman keskustassa l\u00e4hell\u00e4 Piazza di Spagnaa. Hotellissamme y\u00f6vyt l\u00e4mpim\u00e4ss\u00e4 tunnelmassa ja olet kuin kotonasi.\" \/>\n<meta name=\"robots\" content=\"index, follow, max-snippet:-1, max-image-preview:large, max-video-preview:-1\" \/>\n<link rel=\"canonical\" href=\"https:\/\/www.hotelgoldenrome.com\/sv\/\" \/>\n<meta property=\"og:locale\" content=\"sv_SE\" \/>\n<meta property=\"og:type\" content=\"article\" \/>\n<meta property=\"og:title\" content=\"Hotelli l\u00e4hell\u00e4 Espanjalaiset portaat | Hotel Golden Viralliset Sivut\" \/>\n<meta property=\"og:description\" content=\"Perheen pit\u00e4m\u00e4 hotelli Rooman keskustassa l\u00e4hell\u00e4 Piazza di Spagnaa. Hotellissamme y\u00f6vyt l\u00e4mpim\u00e4ss\u00e4 tunnelmassa ja olet kuin kotonasi.\" \/>\n<meta property=\"og:url\" content=\"https:\/\/www.hotelgoldenrome.com\/sv\/\" \/>\n<meta property=\"og:site_name\" content=\"Hotel Golden\" \/>\n<meta property=\"article:modified_time\" content=\"2014-08-13T07:51:09+00:00\" \/>\n<script type=\"application\/ld+json\" class=\"yoast-schema-graph\">{\"@context\":\"https:\/\/schema.org\",\"@graph\":[{\"@type\":\"WebPage\",\"@id\":\"https:\/\/www.hotelgoldenrome.com\/sv\/\",\"url\":\"https:\/\/www.hotelgoldenrome.com\/sv\/\",\"name\":\"Hotelli l\u00e4hell\u00e4 Espanjalaiset portaat | Hotel Golden Viralliset Sivut\",\"isPartOf\":{\"@id\":\"https:\/\/www.hotelgoldenrome.com\/sv\/#website\"},\"datePublished\":\"2013-10-04T12:43:35+00:00\",\"dateModified\":\"2014-08-13T07:51:09+00:00\",\"description\":\"Perheen pit\u00e4m\u00e4 hotelli Rooman keskustassa l\u00e4hell\u00e4 Piazza di Spagnaa. Hotellissamme y\u00f6vyt l\u00e4mpim\u00e4ss\u00e4 tunnelmassa ja olet kuin kotonasi.\",\"breadcrumb\":{\"@id\":\"https:\/\/www.hotelgoldenrome.com\/sv\/#breadcrumb\"},\"inLanguage\":\"sv-SE\",\"potentialAction\":[{\"@type\":\"ReadAction\",\"target\":[\"https:\/\/www.hotelgoldenrome.com\/sv\/\"]}]},{\"@type\":\"BreadcrumbList\",\"@id\":\"https:\/\/www.hotelgoldenrome.com\/sv\/#breadcrumb\",\"itemListElement\":[{\"@type\":\"ListItem\",\"position\":1,\"name\":\"Home\",\"item\":\"https:\/\/www.hotelgoldenrome.com\/sv\/\"},{\"@type\":\"ListItem\",\"position\":2,\"name\":\"Home\"}]},{\"@type\":\"WebSite\",\"@id\":\"https:\/\/www.hotelgoldenrome.com\/sv\/#website\",\"url\":\"https:\/\/www.hotelgoldenrome.com\/sv\/\",\"name\":\"Hotel Golden\",\"description\":\"..your Family run hotel in Rome\",\"potentialAction\":[{\"@type\":\"SearchAction\",\"target\":{\"@type\":\"EntryPoint\",\"urlTemplate\":\"https:\/\/www.hotelgoldenrome.com\/sv\/?s={search_term_string}\"},\"query-input\":{\"@type\":\"PropertyValueSpecification\",\"valueRequired\":true,\"valueName\":\"search_term_string\"}}],\"inLanguage\":\"sv-SE\"}]}<\/script>\n<!-- \/ Yoast SEO plugin. -->","yoast_head_json":{"title":"Hotelli l\u00e4hell\u00e4 Espanjalaiset portaat | Hotel Golden Viralliset Sivut","description":"Perheen pit\u00e4m\u00e4 hotelli Rooman keskustassa l\u00e4hell\u00e4 Piazza di Spagnaa. Hotellissamme y\u00f6vyt l\u00e4mpim\u00e4ss\u00e4 tunnelmassa ja olet kuin kotonasi.","robots":{"index":"index","follow":"follow","max-snippet":"max-snippet:-1","max-image-preview":"max-image-preview:large","max-video-preview":"max-video-preview:-1"},"canonical":"https:\/\/www.hotelgoldenrome.com\/sv\/","og_locale":"sv_SE","og_type":"article","og_title":"Hotelli l\u00e4hell\u00e4 Espanjalaiset portaat | Hotel Golden Viralliset Sivut","og_description":"Perheen pit\u00e4m\u00e4 hotelli Rooman keskustassa l\u00e4hell\u00e4 Piazza di Spagnaa. Hotellissamme y\u00f6vyt l\u00e4mpim\u00e4ss\u00e4 tunnelmassa ja olet kuin kotonasi.","og_url":"https:\/\/www.hotelgoldenrome.com\/sv\/","og_site_name":"Hotel Golden","article_modified_time":"2014-08-13T07:51:09+00:00","schema":{"@context":"https:\/\/schema.org","@graph":[{"@type":"WebPage","@id":"https:\/\/www.hotelgoldenrome.com\/sv\/","url":"https:\/\/www.hotelgoldenrome.com\/sv\/","name":"Hotelli l\u00e4hell\u00e4 Espanjalaiset portaat | Hotel Golden Viralliset Sivut","isPartOf":{"@id":"https:\/\/www.hotelgoldenrome.com\/sv\/#website"},"datePublished":"2013-10-04T12:43:35+00:00","dateModified":"2014-08-13T07:51:09+00:00","description":"Perheen pit\u00e4m\u00e4 hotelli Rooman keskustassa l\u00e4hell\u00e4 Piazza di Spagnaa. Hotellissamme y\u00f6vyt l\u00e4mpim\u00e4ss\u00e4 tunnelmassa ja olet kuin kotonasi.","breadcrumb":{"@id":"https:\/\/www.hotelgoldenrome.com\/sv\/#breadcrumb"},"inLanguage":"sv-SE","potentialAction":[{"@type":"ReadAction","target":["https:\/\/www.hotelgoldenrome.com\/sv\/"]}]},{"@type":"BreadcrumbList","@id":"https:\/\/www.hotelgoldenrome.com\/sv\/#breadcrumb","itemListElement":[{"@type":"ListItem","position":1,"name":"Home","item":"https:\/\/www.hotelgoldenrome.com\/sv\/"},{"@type":"ListItem","position":2,"name":"Home"}]},{"@type":"WebSite","@id":"https:\/\/www.hotelgoldenrome.com\/sv\/#website","url":"https:\/\/www.hotelgoldenrome.com\/sv\/","name":"Hotel Golden","description":"..your Family run hotel in Rome","potentialAction":[{"@type":"SearchAction","target":{"@type":"EntryPoint","urlTemplate":"https:\/\/www.hotelgoldenrome.com\/sv\/?s={search_term_string}"},"query-input":{"@type":"PropertyValueSpecification","valueRequired":true,"valueName":"search_term_string"}}],"inLanguage":"sv-SE"}]}},"_links":{"self":[{"href":"https:\/\/www.hotelgoldenrome.com\/sv\/wp-json\/wp\/v2\/pages\/867","targetHints":{"allow":["GET"]}}],"collection":[{"href":"https:\/\/www.hotelgoldenrome.com\/sv\/wp-json\/wp\/v2\/pages"}],"about":[{"href":"https:\/\/www.hotelgoldenrome.com\/sv\/wp-json\/wp\/v2\/types\/page"}],"author":[{"embeddable":true,"href":"https:\/\/www.hotelgoldenrome.com\/sv\/wp-json\/wp\/v2\/users\/17"}],"replies":[{"embeddable":true,"href":"https:\/\/www.hotelgoldenrome.com\/sv\/wp-json\/wp\/v2\/comments?post=867"}],"version-history":[{"count":9,"href":"https:\/\/www.hotelgoldenrome.com\/sv\/wp-json\/wp\/v2\/pages\/867\/revisions"}],"predecessor-version":[{"id":2065,"href":"https:\/\/www.hotelgoldenrome.com\/sv\/wp-json\/wp\/v2\/pages\/867\/revisions\/2065"}],"wp:attachment":[{"href":"https:\/\/www.hotelgoldenrome.com\/sv\/wp-json\/wp\/v2\/media?parent=867"}],"curies":[{"name":"wp","href":"https:\/\/api.w.org\/{rel}","templated":true}]}}